{"id":7000,"date":"2021-07-26T12:22:29","date_gmt":"2021-07-26T12:22:29","guid":{"rendered":"http:\/\/test.hsv.nl.http-linux.bit.nl\/sustainable-business\/"},"modified":"2021-09-27T13:41:13","modified_gmt":"2021-09-27T13:41:13","slug":"nachhaltiges-wirtschaften","status":"publish","type":"page","link":"https:\/\/hsv.nl\/de\/nachhaltiges-wirtschaften\/","title":{"rendered":"Nachhaltiges Wirtschaften"},"content":{"rendered":"[vc_row type=&#8220;full_width_background&#8220; full_screen_row_position=&#8220;middle&#8220; column_margin=&#8220;default&#8220; column_direction=&#8220;default&#8220; column_direction_tablet=&#8220;default&#8220; column_direction_phone=&#8220;default&#8220; bg_image=&#8220;5971&#8243; bg_position=&#8220;left bottom&#8220; background_image_loading=&#8220;default&#8220; bg_repeat=&#8220;no-repeat&#8220; scene_position=&#8220;center&#8220; top_padding=&#8220;2%&#8220; bottom_padding=&#8220;5%&#8220; top_padding_phone=&#8220;50px&#8220; bottom_padding_phone=&#8220;50px&#8220; text_color=&#8220;dark&#8220; text_align=&#8220;left&#8220; row_border_radius=&#8220;none&#8220; row_border_radius_applies=&#8220;bg&#8220; class=&#8220;productie-service&#8220; overlay_strength=&#8220;0.8&#8243; gradient_direction=&#8220;left_to_right&#8220; shape_divider_position=&#8220;bottom&#8220; bg_image_animation=&#8220;none&#8220; shape_type=&#8220;&#8220;][vc_column column_padding=&#8220;no-extra-padding&#8220; column_padding_tablet=&#8220;inherit&#8220; column_padding_phone=&#8220;inherit&#8220; column_padding_position=&#8220;all&#8220; column_element_spacing=&#8220;default&#8220; background_color_opacity=&#8220;1&#8243; background_hover_color_opacity=&#8220;1&#8243; column_shadow=&#8220;none&#8220; column_border_radius=&#8220;none&#8220; column_link_target=&#8220;_self&#8220; gradient_direction=&#8220;left_to_right&#8220; overlay_strength=&#8220;0.3&#8243; width=&#8220;1\/1&#8243; tablet_width_inherit=&#8220;default&#8220; tablet_text_alignment=&#8220;default&#8220; phone_text_alignment=&#8220;default&#8220; bg_image_animation=&#8220;none&#8220; border_type=&#8220;simple&#8220; column_border_width=&#8220;none&#8220; column_border_style=&#8220;solid&#8220;][vc_row_inner equal_height=&#8220;yes&#8220; content_placement=&#8220;middle&#8220; column_margin=&#8220;default&#8220; column_direction=&#8220;default&#8220; column_direction_tablet=&#8220;default&#8220; column_direction_phone=&#8220;default&#8220; text_align=&#8220;left&#8220;][vc_column_inner column_padding=&#8220;no-extra-padding&#8220; column_padding_tablet=&#8220;inherit&#8220; column_padding_phone=&#8220;inherit&#8220; column_padding_position=&#8220;all&#8220; column_element_spacing=&#8220;default&#8220; background_color_opacity=&#8220;1&#8243; background_hover_color_opacity=&#8220;1&#8243; column_shadow=&#8220;none&#8220; column_border_radius=&#8220;none&#8220; column_link_target=&#8220;_self&#8220; gradient_direction=&#8220;left_to_right&#8220; overlay_strength=&#8220;0.3&#8243; width=&#8220;1\/2&#8243; tablet_width_inherit=&#8220;default&#8220; bg_image_animation=&#8220;none&#8220; enable_animation=&#8220;true&#8220; animation=&#8220;fade-in-from-left&#8220; border_type=&#8220;simple&#8220; column_border_width=&#8220;none&#8220; column_border_style=&#8220;solid&#8220; delay=&#8220;500&#8243; offset=&#8220;vc_hidden-xs&#8220;][vc_column_text]\n<h2>Nachhaltiges Wirtschaften im Sinne der Kreislaufwirtschaft<\/h2>\n<h3>Als Unternehmen setzt HSV auf Nachhaltigkeit: Wir greifen gesellschaftliche Probleme wie Luftverschmutzung und Klimawandel an<\/h3>\n<p>Von nachhaltig erzeugtem Dampf und gr\u00fcnem Strom \u00fcber das Zero Waste-Prinzip bis hin zu Recycling und nachhaltigen Rohstoffen: HSV steht nicht still, sondern entwickelt sich st\u00e4ndig weiter, um gesellschaftliche Probleme anzugreifen und noch heute und in der Zukunft zu einem besseren Lebensumfeld, besseren Arbeitsbedingungen und zum Umweltschutz beizutragen.[\/vc_column_text][nectar_btn size=&#8220;jumbo&#8220; button_style=&#8220;regular&#8220; button_color_2=&#8220;Accent-Color&#8220; icon_family=&#8220;default_arrow&#8220; url=&#8220;https:\/\/hsv.nl\/de\/kontakt\/&#8220; text=&#8220;Kontakt aufnehmen&#8220; margin_top=&#8220;15&#8243;][\/vc_column_inner][vc_column_inner column_padding=&#8220;no-extra-padding&#8220; column_padding_tablet=&#8220;inherit&#8220; column_padding_phone=&#8220;inherit&#8220; column_padding_position=&#8220;all&#8220; column_element_spacing=&#8220;default&#8220; background_color_opacity=&#8220;1&#8243; background_hover_color_opacity=&#8220;1&#8243; column_shadow=&#8220;none&#8220; column_border_radius=&#8220;none&#8220; column_link_target=&#8220;_self&#8220; gradient_direction=&#8220;left_to_right&#8220; overlay_strength=&#8220;0.3&#8243; width=&#8220;1\/2&#8243; tablet_width_inherit=&#8220;default&#8220; bg_image_animation=&#8220;none&#8220; enable_animation=&#8220;true&#8220; animation=&#8220;fade-in-from-right&#8220; border_type=&#8220;simple&#8220; column_border_width=&#8220;none&#8220; column_border_style=&#8220;solid&#8220; delay=&#8220;1000&#8243; offset=&#8220;vc_hidden-xs&#8220;][image_with_animation image_url=&#8220;6706&#8243; animation=&#8220;Grow In&#8220; hover_animation=&#8220;none&#8220; alignment=&#8220;&#8220; border_radius=&#8220;none&#8220; box_shadow=&#8220;none&#8220; image_loading=&#8220;default&#8220; max_width=&#8220;100%&#8220; max_width_mobile=&#8220;default&#8220;][\/vc_column_inner][\/vc_row_inner][vc_row_inner equal_height=&#8220;yes&#8220; content_placement=&#8220;middle&#8220; column_margin=&#8220;default&#8220; column_direction=&#8220;default&#8220; column_direction_tablet=&#8220;default&#8220; column_direction_phone=&#8220;default&#8220; text_align=&#8220;left&#8220;][vc_column_inner column_padding=&#8220;no-extra-padding&#8220; column_padding_tablet=&#8220;inherit&#8220; column_padding_phone=&#8220;inherit&#8220; column_padding_position=&#8220;all&#8220; column_element_spacing=&#8220;default&#8220; background_color_opacity=&#8220;1&#8243; background_hover_color_opacity=&#8220;1&#8243; column_shadow=&#8220;none&#8220; column_border_radius=&#8220;none&#8220; column_link_target=&#8220;_self&#8220; gradient_direction=&#8220;left_to_right&#8220; overlay_strength=&#8220;0.3&#8243; width=&#8220;1\/2&#8243; tablet_width_inherit=&#8220;default&#8220; bg_image_animation=&#8220;none&#8220; enable_animation=&#8220;true&#8220; animation=&#8220;fade-in-from-left&#8220; border_type=&#8220;simple&#8220; column_border_width=&#8220;none&#8220; column_border_style=&#8220;solid&#8220; delay=&#8220;500&#8243; offset=&#8220;vc_hidden-lg vc_hidden-md vc_hidden-sm&#8220;][vc_column_text]\n<h2>Nachhaltiges Wirtschaften im Sinne der Kreislaufwirtschaft<\/h2>\n<h3>Als Unternehmen setzt HSV auf Nachhaltigkeit: Wir greifen gesellschaftliche Probleme wie Luftverschmutzung und Klimawandel an<\/h3>\n<p>Von nachhaltig erzeugtem Dampf und gr\u00fcnem Strom \u00fcber das Zero Waste-Prinzip bis hin zu Recycling und nachhaltigen Rohstoffen: HSV steht nicht still, sondern entwickelt sich st\u00e4ndig weiter, um gesellschaftliche Probleme anzugreifen und noch heute und in der Zukunft zu einem besseren Lebensumfeld, besseren Arbeitsbedingungen und zum Umweltschutz beizutragen.[\/vc_column_text][\/vc_column_inner][vc_column_inner column_padding=&#8220;no-extra-padding&#8220; column_padding_tablet=&#8220;inherit&#8220; column_padding_phone=&#8220;inherit&#8220; column_padding_position=&#8220;all&#8220; column_element_spacing=&#8220;default&#8220; background_color_opacity=&#8220;1&#8243; background_hover_color_opacity=&#8220;1&#8243; column_shadow=&#8220;none&#8220; column_border_radius=&#8220;none&#8220; column_link_target=&#8220;_self&#8220; gradient_direction=&#8220;left_to_right&#8220; overlay_strength=&#8220;0.3&#8243; width=&#8220;1\/2&#8243; tablet_width_inherit=&#8220;default&#8220; bg_image_animation=&#8220;none&#8220; enable_animation=&#8220;true&#8220; animation=&#8220;fade-in-from-right&#8220; border_type=&#8220;simple&#8220; column_border_width=&#8220;none&#8220; column_border_style=&#8220;solid&#8220; delay=&#8220;1000&#8243; offset=&#8220;vc_hidden-lg vc_hidden-md vc_hidden-sm&#8220;][image_with_animation image_url=&#8220;6706&#8243; animation=&#8220;Grow In&#8220; hover_animation=&#8220;none&#8220; alignment=&#8220;&#8220; border_radius=&#8220;none&#8220; box_shadow=&#8220;none&#8220; image_loading=&#8220;default&#8220; max_width=&#8220;100%&#8220; max_width_mobile=&#8220;default&#8220;][nectar_btn size=&#8220;jumbo&#8220; button_style=&#8220;regular&#8220; button_color_2=&#8220;Accent-Color&#8220; icon_family=&#8220;default_arrow&#8220; url=&#8220;https:\/\/hsv.nl\/de\/kontakt\/&#8220; text=&#8220;Kontakt aufnehmen&#8220; margin_top=&#8220;15&#8243;][\/vc_column_inner][\/vc_row_inner][\/vc_column][\/vc_row][vc_row type=&#8220;full_width_content&#8220; full_screen_row_position=&#8220;middle&#8220; column_margin=&#8220;default&#8220; equal_height=&#8220;yes&#8220; column_direction=&#8220;default&#8220; column_direction_tablet=&#8220;default&#8220; column_direction_phone=&#8220;default&#8220; bg_image=&#8220;6184&#8243; bg_position=&#8220;left top&#8220; background_image_loading=&#8220;default&#8220; bg_repeat=&#8220;no-repeat&#8220; scene_position=&#8220;center&#8220; top_padding=&#8220;0&#8243; bottom_padding=&#8220;0&#8243; text_color=&#8220;dark&#8220; text_align=&#8220;left&#8220; row_border_radius=&#8220;none&#8220; row_border_radius_applies=&#8220;bg&#8220; enable_gradient=&#8220;true&#8220; color_overlay=&#8220;#ffffff&#8220; color_overlay_2=&#8220;#ffffff&#8220; overlay_strength=&#8220;0.8&#8243; gradient_direction=&#8220;left_to_right&#8220; shape_divider_color=&#8220;#ffffff&#8220; shape_divider_position=&#8220;bottom&#8220; shape_divider_height=&#8220;100&#8243; bg_image_animation=&#8220;none&#8220; shape_type=&#8220;curve_opacity&#8220;][vc_column column_padding=&#8220;no-extra-padding&#8220; column_padding_tablet=&#8220;inherit&#8220; column_padding_phone=&#8220;inherit&#8220; column_padding_position=&#8220;all&#8220; column_element_spacing=&#8220;default&#8220; background_color_opacity=&#8220;1&#8243; background_hover_color_opacity=&#8220;1&#8243; background_image=&#8220;6595&#8243; background_image_position=&#8220;center center&#8220; background_image_loading=&#8220;default&#8220; column_shadow=&#8220;none&#8220; column_border_radius=&#8220;none&#8220; column_link_target=&#8220;_self&#8220; el_class=&#8220;no-equal-height-mobile&#8220; gradient_direction=&#8220;left_to_right&#8220; overlay_strength=&#8220;0.3&#8243; width=&#8220;1\/2&#8243; tablet_width_inherit=&#8220;default&#8220; tablet_text_alignment=&#8220;default&#8220; phone_text_alignment=&#8220;default&#8220; bg_image_animation=&#8220;fade-in&#8220; enable_animation=&#8220;true&#8220; animation=&#8220;fade-in-from-left&#8220; border_type=&#8220;simple&#8220; column_border_width=&#8220;none&#8220; column_border_style=&#8220;solid&#8220; delay=&#8220;500&#8243;][\/vc_column][vc_column column_padding=&#8220;padding-5-percent&#8220; column_padding_tablet=&#8220;inherit&#8220; column_padding_phone=&#8220;inherit&#8220; column_padding_position=&#8220;all&#8220; column_element_spacing=&#8220;default&#8220; background_color_opacity=&#8220;1&#8243; background_hover_color_opacity=&#8220;1&#8243; column_shadow=&#8220;none&#8220; column_border_radius=&#8220;none&#8220; column_link_target=&#8220;_self&#8220; gradient_direction=&#8220;left_to_right&#8220; overlay_strength=&#8220;0.3&#8243; width=&#8220;1\/2&#8243; tablet_width_inherit=&#8220;default&#8220; tablet_text_alignment=&#8220;default&#8220; phone_text_alignment=&#8220;default&#8220; bg_image_animation=&#8220;none&#8220; enable_animation=&#8220;true&#8220; animation=&#8220;fade-in-from-right&#8220; border_type=&#8220;simple&#8220; column_border_width=&#8220;none&#8220; column_border_style=&#8220;solid&#8220; delay=&#8220;1000&#8243;][vc_column_text]\n<h2>Ihr Kunststoffprodukt\u00a0&#8211; nachhaltig hergestellt<\/h2>\n<p>Bei HSV wird Ihr Kunststoffprodukt auf Basis von gr\u00fcnem Strom und Dampf nachhaltig hergestellt. Auf den D\u00e4chern unserer Niederlassungen sind gut 4.500 Sonnenkollektoren installiert. Zudem wird der Fu\u00dfboden im Lager der HSV-TMP-Niederlassung in Leeuwarden durch die R\u00fcckleitung der Abw\u00e4rme aus dem K\u00fchlkreislauf beheizt. Durch diese Anpassungen ist der Energieverbrauch drastisch gesunken. Das wirkt sich positiv auf die Umwelt und die CO2-Bilanz unserer Organisationen aus.[\/vc_column_text][vc_column_text]\n<h2>\u201eZero\u00a0Waste\u201c-Politik<\/h2>\n<p>HSV handelt nach den Prinzipien der \u201eZero\u00a0Waste\u201c-Politik. Bei minimalem Verbrauch von Rohstoffen, Strom und Dampf [w\u00e4hrend des Produktionsprozesses] werden f\u00fcr unsere Kunden optimale Produkte und Halbfabrikate entwickelt und hergestellt. Die anfallenden Produktionsabf\u00e4lle werden wiederverwertet, entweder f\u00fcr denselben Zweck oder anderweitig. Wir zielen ab auf m\u00f6glichst optimale Gesamtbetriebskosten (TCO) in wirtschaftlicher wie auch in umwelttechnischer Hinsicht.[\/vc_column_text][vc_column_text]\n<h2>Kreislaufwirtschaft<\/h2>\n<p>Die f\u00fcr die Herstellung Ihrer Produkte verwendeten Rohstoffe sind komplett recycelf\u00e4hig. Als Kunde k\u00f6nnen Sie sich zwecks Produktion Ihrer Kunststoffprodukte f\u00fcr den Einsatz von recyceltem Material (Rezyklat) entscheiden. Kunststoffe werden gesammelt, recycelt und erneut als Rohstoffe zur Herstellung neuer Kunststoffprodukte verwendet.\u00a0 Innerhalb unserer Organisationen schonen wir wo immer es geht unsere Umwelt.[\/vc_column_text][\/vc_column][\/vc_row][vc_row type=&#8220;full_width_background&#8220; full_screen_row_position=&#8220;middle&#8220; column_margin=&#8220;default&#8220; column_direction=&#8220;default&#8220; column_direction_tablet=&#8220;default&#8220; column_direction_phone=&#8220;default&#8220; bg_image=&#8220;6652&#8243; bg_position=&#8220;left bottom&#8220; background_image_loading=&#8220;default&#8220; bg_repeat=&#8220;no-repeat&#8220; scene_position=&#8220;center&#8220; top_padding=&#8220;2%&#8220; bottom_padding=&#8220;5%&#8220; text_color=&#8220;dark&#8220; text_align=&#8220;center&#8220; row_border_radius=&#8220;none&#8220; row_border_radius_applies=&#8220;bg&#8220; class=&#8220;productie-service&#8220; overlay_strength=&#8220;0.3&#8243; gradient_direction=&#8220;left_to_right&#8220; shape_divider_position=&#8220;bottom&#8220; bg_image_animation=&#8220;none&#8220; shape_type=&#8220;&#8220;][vc_column column_padding=&#8220;padding-2-percent&#8220; column_padding_tablet=&#8220;inherit&#8220; column_padding_phone=&#8220;inherit&#8220; column_padding_position=&#8220;right&#8220; column_element_spacing=&#8220;default&#8220; background_color_opacity=&#8220;1&#8243; background_hover_color_opacity=&#8220;1&#8243; column_shadow=&#8220;none&#8220; column_border_radius=&#8220;none&#8220; column_link_target=&#8220;_self&#8220; gradient_direction=&#8220;left_to_right&#8220; overlay_strength=&#8220;0.3&#8243; width=&#8220;1\/6&#8243; tablet_width_inherit=&#8220;default&#8220; tablet_text_alignment=&#8220;default&#8220; phone_text_alignment=&#8220;default&#8220; bg_image_animation=&#8220;none&#8220; enable_animation=&#8220;true&#8220; animation=&#8220;fade-in&#8220; border_type=&#8220;simple&#8220; column_border_width=&#8220;none&#8220; column_border_style=&#8220;solid&#8220;][\/vc_column][vc_column column_padding=&#8220;no-extra-padding&#8220; column_padding_tablet=&#8220;inherit&#8220; column_padding_phone=&#8220;inherit&#8220; column_padding_position=&#8220;all&#8220; column_element_spacing=&#8220;default&#8220; background_color_opacity=&#8220;1&#8243; background_hover_color_opacity=&#8220;1&#8243; column_shadow=&#8220;none&#8220; column_border_radius=&#8220;none&#8220; column_link_target=&#8220;_self&#8220; gradient_direction=&#8220;left_to_right&#8220; overlay_strength=&#8220;0.3&#8243; width=&#8220;2\/3&#8243; tablet_width_inherit=&#8220;default&#8220; tablet_text_alignment=&#8220;default&#8220; phone_text_alignment=&#8220;default&#8220; bg_image_animation=&#8220;none&#8220; enable_animation=&#8220;true&#8220; animation=&#8220;fade-in-from-bottom&#8220; border_type=&#8220;simple&#8220; column_border_width=&#8220;none&#8220; column_border_style=&#8220;solid&#8220; delay=&#8220;500&#8243;][vc_column_text css=&#8220;.vc_custom_1632297363279{padding-top: 10% !important;}&#8220;]\n<h2>Mehr erfahren<\/h2>\n[\/vc_column_text][vc_column_text]M\u00f6chten Sie mehr \u00fcber Nachhaltigkeit und Kreislaufwirtschaft bei HSV erfahren? Wenden Sie sich an einen unserer Mitarbeiter. Sie sind f\u00fcr Sie da und beraten Sie gerne zu nachhaltigen L\u00f6sungen f\u00fcr Ihr Kunststoffprodukt.[\/vc_column_text][nectar_btn size=&#8220;jumbo&#8220; button_style=&#8220;regular&#8220; button_color_2=&#8220;Accent-Color&#8220; icon_family=&#8220;default_arrow&#8220; url=&#8220;https:\/\/hsv.nl\/de\/kontakt\/&#8220; text=&#8220;Kontakt aufnehmen&#8220; margin_top=&#8220;15&#8243;][\/vc_column][vc_column column_padding=&#8220;no-extra-padding&#8220; column_padding_tablet=&#8220;inherit&#8220; column_padding_phone=&#8220;inherit&#8220; column_padding_position=&#8220;all&#8220; column_element_spacing=&#8220;default&#8220; background_color_opacity=&#8220;1&#8243; background_hover_color_opacity=&#8220;1&#8243; column_shadow=&#8220;none&#8220; column_border_radius=&#8220;none&#8220; column_link_target=&#8220;_self&#8220; gradient_direction=&#8220;left_to_right&#8220; overlay_strength=&#8220;0.3&#8243; width=&#8220;1\/6&#8243; tablet_width_inherit=&#8220;default&#8220; tablet_text_alignment=&#8220;default&#8220; phone_text_alignment=&#8220;default&#8220; bg_image_animation=&#8220;none&#8220; border_type=&#8220;simple&#8220; column_border_width=&#8220;none&#8220; column_border_style=&#8220;solid&#8220;][\/vc_column][\/vc_row]\n","protected":false},"excerpt":{"rendered":"<p>[vc_row type=&#8220;full_width_background&#8220; full_screen_row_position=&#8220;middle&#8220; column_margin=&#8220;default&#8220; column_direction=&#8220;default&#8220; column_direction_tablet=&#8220;default&#8220; column_direction_phone=&#8220;default&#8220; bg_image=&#8220;5971&#8243; bg_position=&#8220;left bottom&#8220; background_image_loading=&#8220;default&#8220; bg_repeat=&#8220;no-repeat&#8220; scene_position=&#8220;center&#8220; top_padding=&#8220;2%&#8220; bottom_padding=&#8220;5%&#8220; top_padding_phone=&#8220;50px&#8220; bottom_padding_phone=&#8220;50px&#8220; text_color=&#8220;dark&#8220; text_align=&#8220;left&#8220; row_border_radius=&#8220;none&#8220; row_border_radius_applies=&#8220;bg&#8220; class=&#8220;productie-service&#8220; overlay_strength=&#8220;0.8&#8243; gradient_direction=&#8220;left_to_right&#8220; shape_divider_position=&#8220;bottom&#8220;&#8230;<\/p>\n","protected":false},"author":3,"featured_media":0,"parent":0,"menu_order":0,"comment_status":"closed","ping_status":"closed","template":"","meta":{"footnotes":""},"class_list":["post-7000","page","type-page","status-publish"],"yoast_head":"<!-- This site is optimized with the Yoast SEO plugin v27.4 - https:\/\/yoast.com\/product\/yoast-seo-wordpress\/ -->\n<title>Nachhaltiges Wirtschaften - HSV<\/title>\n<meta name=\"description\" content=\"Nachhaltigkeit und Kreislaufwirtschaft bei HSV; Luftverschmutzung und Klimawandel m\u00fcssen gestoppt werden!\" \/>\n<meta name=\"robots\" content=\"index, follow, max-snippet:-1, max-image-preview:large, max-video-preview:-1\" \/>\n<link rel=\"canonical\" href=\"https:\/\/hsv.nl\/de\/nachhaltiges-wirtschaften\/\" \/>\n<meta property=\"og:locale\" content=\"de_DE\" \/>\n<meta property=\"og:type\" content=\"article\" \/>\n<meta property=\"og:title\" content=\"Nachhaltiges Wirtschaften - HSV\" \/>\n<meta property=\"og:description\" content=\"Nachhaltigkeit und Kreislaufwirtschaft bei HSV; Luftverschmutzung und Klimawandel m\u00fcssen gestoppt werden!\" \/>\n<meta property=\"og:url\" content=\"https:\/\/hsv.nl\/de\/nachhaltiges-wirtschaften\/\" \/>\n<meta property=\"og:site_name\" content=\"HSV\" \/>\n<meta property=\"article:modified_time\" content=\"2021-09-27T13:41:13+00:00\" \/>\n<meta name=\"twitter:card\" content=\"summary_large_image\" \/>\n<meta name=\"twitter:label1\" content=\"Gesch\u00e4tzte Lesezeit\" \/>\n\t<meta name=\"twitter:data1\" content=\"4\u00a0Minuten\" \/>\n<script type=\"application\/ld+json\" class=\"yoast-schema-graph\">{\"@context\":\"https:\\\/\\\/schema.org\",\"@graph\":[{\"@type\":\"WebPage\",\"@id\":\"https:\\\/\\\/hsv.nl\\\/de\\\/nachhaltiges-wirtschaften\\\/\",\"url\":\"https:\\\/\\\/hsv.nl\\\/de\\\/nachhaltiges-wirtschaften\\\/\",\"name\":\"Nachhaltiges Wirtschaften - HSV\",\"isPartOf\":{\"@id\":\"https:\\\/\\\/hsv.nl\\\/de\\\/#website\"},\"datePublished\":\"2021-07-26T12:22:29+00:00\",\"dateModified\":\"2021-09-27T13:41:13+00:00\",\"description\":\"Nachhaltigkeit und Kreislaufwirtschaft bei HSV; Luftverschmutzung und Klimawandel m\u00fcssen gestoppt werden!\",\"breadcrumb\":{\"@id\":\"https:\\\/\\\/hsv.nl\\\/de\\\/nachhaltiges-wirtschaften\\\/#breadcrumb\"},\"inLanguage\":\"de\",\"potentialAction\":[{\"@type\":\"ReadAction\",\"target\":[\"https:\\\/\\\/hsv.nl\\\/de\\\/nachhaltiges-wirtschaften\\\/\"]}]},{\"@type\":\"BreadcrumbList\",\"@id\":\"https:\\\/\\\/hsv.nl\\\/de\\\/nachhaltiges-wirtschaften\\\/#breadcrumb\",\"itemListElement\":[{\"@type\":\"ListItem\",\"position\":1,\"name\":\"Home\",\"item\":\"https:\\\/\\\/hsv.nl\\\/de\\\/\"},{\"@type\":\"ListItem\",\"position\":2,\"name\":\"Nachhaltiges Wirtschaften\"}]},{\"@type\":\"WebSite\",\"@id\":\"https:\\\/\\\/hsv.nl\\\/de\\\/#website\",\"url\":\"https:\\\/\\\/hsv.nl\\\/de\\\/\",\"name\":\"HSV\",\"description\":\"\",\"potentialAction\":[{\"@type\":\"SearchAction\",\"target\":{\"@type\":\"EntryPoint\",\"urlTemplate\":\"https:\\\/\\\/hsv.nl\\\/de\\\/?s={search_term_string}\"},\"query-input\":{\"@type\":\"PropertyValueSpecification\",\"valueRequired\":true,\"valueName\":\"search_term_string\"}}],\"inLanguage\":\"de\"}]}<\/script>\n<!-- \/ Yoast SEO plugin. -->","yoast_head_json":{"title":"Nachhaltiges Wirtschaften - HSV","description":"Nachhaltigkeit und Kreislaufwirtschaft bei HSV; Luftverschmutzung und Klimawandel m\u00fcssen gestoppt werden!","robots":{"index":"index","follow":"follow","max-snippet":"max-snippet:-1","max-image-preview":"max-image-preview:large","max-video-preview":"max-video-preview:-1"},"canonical":"https:\/\/hsv.nl\/de\/nachhaltiges-wirtschaften\/","og_locale":"de_DE","og_type":"article","og_title":"Nachhaltiges Wirtschaften - HSV","og_description":"Nachhaltigkeit und Kreislaufwirtschaft bei HSV; Luftverschmutzung und Klimawandel m\u00fcssen gestoppt werden!","og_url":"https:\/\/hsv.nl\/de\/nachhaltiges-wirtschaften\/","og_site_name":"HSV","article_modified_time":"2021-09-27T13:41:13+00:00","twitter_card":"summary_large_image","twitter_misc":{"Gesch\u00e4tzte Lesezeit":"4\u00a0Minuten"},"schema":{"@context":"https:\/\/schema.org","@graph":[{"@type":"WebPage","@id":"https:\/\/hsv.nl\/de\/nachhaltiges-wirtschaften\/","url":"https:\/\/hsv.nl\/de\/nachhaltiges-wirtschaften\/","name":"Nachhaltiges Wirtschaften - HSV","isPartOf":{"@id":"https:\/\/hsv.nl\/de\/#website"},"datePublished":"2021-07-26T12:22:29+00:00","dateModified":"2021-09-27T13:41:13+00:00","description":"Nachhaltigkeit und Kreislaufwirtschaft bei HSV; Luftverschmutzung und Klimawandel m\u00fcssen gestoppt werden!","breadcrumb":{"@id":"https:\/\/hsv.nl\/de\/nachhaltiges-wirtschaften\/#breadcrumb"},"inLanguage":"de","potentialAction":[{"@type":"ReadAction","target":["https:\/\/hsv.nl\/de\/nachhaltiges-wirtschaften\/"]}]},{"@type":"BreadcrumbList","@id":"https:\/\/hsv.nl\/de\/nachhaltiges-wirtschaften\/#breadcrumb","itemListElement":[{"@type":"ListItem","position":1,"name":"Home","item":"https:\/\/hsv.nl\/de\/"},{"@type":"ListItem","position":2,"name":"Nachhaltiges Wirtschaften"}]},{"@type":"WebSite","@id":"https:\/\/hsv.nl\/de\/#website","url":"https:\/\/hsv.nl\/de\/","name":"HSV","description":"","potentialAction":[{"@type":"SearchAction","target":{"@type":"EntryPoint","urlTemplate":"https:\/\/hsv.nl\/de\/?s={search_term_string}"},"query-input":{"@type":"PropertyValueSpecification","valueRequired":true,"valueName":"search_term_string"}}],"inLanguage":"de"}]}},"_links":{"self":[{"href":"https:\/\/hsv.nl\/de\/wp-json\/wp\/v2\/pages\/7000","targetHints":{"allow":["GET"]}}],"collection":[{"href":"https:\/\/hsv.nl\/de\/wp-json\/wp\/v2\/pages"}],"about":[{"href":"https:\/\/hsv.nl\/de\/wp-json\/wp\/v2\/types\/page"}],"author":[{"embeddable":true,"href":"https:\/\/hsv.nl\/de\/wp-json\/wp\/v2\/users\/3"}],"replies":[{"embeddable":true,"href":"https:\/\/hsv.nl\/de\/wp-json\/wp\/v2\/comments?post=7000"}],"version-history":[{"count":0,"href":"https:\/\/hsv.nl\/de\/wp-json\/wp\/v2\/pages\/7000\/revisions"}],"wp:attachment":[{"href":"https:\/\/hsv.nl\/de\/wp-json\/wp\/v2\/media?parent=7000"}],"curies":[{"name":"wp","href":"https:\/\/api.w.org\/{rel}","templated":true}]}}