{"id":6963,"date":"2021-06-02T10:51:48","date_gmt":"2021-06-02T10:51:48","guid":{"rendered":"http:\/\/test.hsv.nl.http-linux.bit.nl\/kontakt\/thank-you-for-your-request\/"},"modified":"2021-09-21T13:10:03","modified_gmt":"2021-09-21T13:10:03","slug":"herzlichen-dank-fuer-ihre-anfrage","status":"publish","type":"page","link":"https:\/\/hsv.nl\/de\/kontakt\/herzlichen-dank-fuer-ihre-anfrage\/","title":{"rendered":"Herzlichen Dank f\u00fcr Ihre Anfrage"},"content":{"rendered":"[vc_row type=&#8220;in_container&#8220; full_screen_row_position=&#8220;middle&#8220; column_margin=&#8220;default&#8220; column_direction=&#8220;default&#8220; column_direction_tablet=&#8220;default&#8220; column_direction_phone=&#8220;default&#8220; scene_position=&#8220;center&#8220; top_padding=&#8220;5%&#8220; bottom_padding=&#8220;5%&#8220; text_color=&#8220;dark&#8220; text_align=&#8220;center&#8220; row_border_radius=&#8220;none&#8220; row_border_radius_applies=&#8220;bg&#8220; overlay_strength=&#8220;0.3&#8243; gradient_direction=&#8220;left_to_right&#8220; shape_divider_position=&#8220;bottom&#8220; bg_image_animation=&#8220;none&#8220; shape_type=&#8220;&#8220;][vc_column column_padding=&#8220;no-extra-padding&#8220; column_padding_tablet=&#8220;inherit&#8220; column_padding_phone=&#8220;inherit&#8220; column_padding_position=&#8220;all&#8220; column_element_spacing=&#8220;default&#8220; background_color_opacity=&#8220;1&#8243; background_hover_color_opacity=&#8220;1&#8243; column_shadow=&#8220;none&#8220; column_border_radius=&#8220;none&#8220; column_link_target=&#8220;_self&#8220; gradient_direction=&#8220;left_to_right&#8220; overlay_strength=&#8220;0.3&#8243; width=&#8220;1\/6&#8243; tablet_width_inherit=&#8220;default&#8220; tablet_text_alignment=&#8220;default&#8220; phone_text_alignment=&#8220;default&#8220; bg_image_animation=&#8220;none&#8220; border_type=&#8220;simple&#8220; column_border_width=&#8220;none&#8220; column_border_style=&#8220;solid&#8220;][\/vc_column][vc_column column_padding=&#8220;no-extra-padding&#8220; column_padding_tablet=&#8220;inherit&#8220; column_padding_phone=&#8220;inherit&#8220; column_padding_position=&#8220;all&#8220; column_element_spacing=&#8220;default&#8220; background_color_opacity=&#8220;1&#8243; background_hover_color_opacity=&#8220;1&#8243; column_shadow=&#8220;none&#8220; column_border_radius=&#8220;none&#8220; column_link_target=&#8220;_self&#8220; gradient_direction=&#8220;left_to_right&#8220; overlay_strength=&#8220;0.3&#8243; width=&#8220;2\/3&#8243; tablet_width_inherit=&#8220;default&#8220; tablet_text_alignment=&#8220;default&#8220; phone_text_alignment=&#8220;default&#8220; bg_image_animation=&#8220;none&#8220; border_type=&#8220;simple&#8220; column_border_width=&#8220;none&#8220; column_border_style=&#8220;solid&#8220;][vc_column_text]\n<h3 style=\"text-align: center;\">Herzlichen Dank f\u00fcr Ihre Anfrage, Ihre E-Mail ist bei uns eingegangen. Sie erhalten in K\u00fcrze eine R\u00fcckmeldung von uns.<\/h3>\n[\/vc_column_text][nectar_btn size=&#8220;jumbo&#8220; button_style=&#8220;regular&#8220; button_color_2=&#8220;Accent-Color&#8220; icon_family=&#8220;none&#8220; text=&#8220;Zur\u00fcck nach Home&#8220; url=&#8220;https:\/\/hsv.nl\/de\/&#8220;][\/vc_column][vc_column column_padding=&#8220;no-extra-padding&#8220; column_padding_tablet=&#8220;inherit&#8220; column_padding_phone=&#8220;inherit&#8220; column_padding_position=&#8220;all&#8220; column_element_spacing=&#8220;default&#8220; background_color_opacity=&#8220;1&#8243; background_hover_color_opacity=&#8220;1&#8243; column_shadow=&#8220;none&#8220; column_border_radius=&#8220;none&#8220; column_link_target=&#8220;_self&#8220; gradient_direction=&#8220;left_to_right&#8220; overlay_strength=&#8220;0.3&#8243; width=&#8220;1\/6&#8243; tablet_width_inherit=&#8220;default&#8220; tablet_text_alignment=&#8220;default&#8220; phone_text_alignment=&#8220;default&#8220; bg_image_animation=&#8220;none&#8220; border_type=&#8220;simple&#8220; column_border_width=&#8220;none&#8220; column_border_style=&#8220;solid&#8220;][\/vc_column][\/vc_row]\n","protected":false},"excerpt":{"rendered":"<p>[vc_row type=&#8220;in_container&#8220; full_screen_row_position=&#8220;middle&#8220; column_margin=&#8220;default&#8220; column_direction=&#8220;default&#8220; column_direction_tablet=&#8220;default&#8220; column_direction_phone=&#8220;default&#8220; scene_position=&#8220;center&#8220; top_padding=&#8220;5%&#8220; bottom_padding=&#8220;5%&#8220; text_color=&#8220;dark&#8220; text_align=&#8220;center&#8220; row_border_radius=&#8220;none&#8220; row_border_radius_applies=&#8220;bg&#8220; overlay_strength=&#8220;0.3&#8243; gradient_direction=&#8220;left_to_right&#8220; shape_divider_position=&#8220;bottom&#8220; bg_image_animation=&#8220;none&#8220; shape_type=&#8220;&#8220;][vc_column column_padding=&#8220;no-extra-padding&#8220; column_padding_tablet=&#8220;inherit&#8220; column_padding_phone=&#8220;inherit&#8220; column_padding_position=&#8220;all&#8220; column_element_spacing=&#8220;default&#8220; background_color_opacity=&#8220;1&#8243;&#8230;<\/p>\n","protected":false},"author":3,"featured_media":0,"parent":6897,"menu_order":0,"comment_status":"closed","ping_status":"closed","template":"","meta":{"footnotes":""},"class_list":["post-6963","page","type-page","status-publish"],"yoast_head":"<!-- This site is optimized with the Yoast SEO plugin v27.2 - https:\/\/yoast.com\/product\/yoast-seo-wordpress\/ -->\n<title>Herzlichen Dank f\u00fcr Ihre Anfrage - HSV<\/title>\n<meta name=\"robots\" content=\"index, follow, max-snippet:-1, max-image-preview:large, max-video-preview:-1\" \/>\n<link rel=\"canonical\" href=\"https:\/\/hsv.nl\/de\/kontakt\/herzlichen-dank-fuer-ihre-anfrage\/\" \/>\n<meta property=\"og:locale\" content=\"de_DE\" \/>\n<meta property=\"og:type\" content=\"article\" \/>\n<meta property=\"og:title\" content=\"Herzlichen Dank f\u00fcr Ihre Anfrage - HSV\" \/>\n<meta property=\"og:description\" content=\"[vc_row type=&#8220;in_container&#8220; full_screen_row_position=&#8220;middle&#8220; column_margin=&#8220;default&#8220; column_direction=&#8220;default&#8220; column_direction_tablet=&#8220;default&#8220; column_direction_phone=&#8220;default&#8220; scene_position=&#8220;center&#8220; top_padding=&#8220;5%&#8220; bottom_padding=&#8220;5%&#8220; text_color=&#8220;dark&#8220; text_align=&#8220;center&#8220; row_border_radius=&#8220;none&#8220; row_border_radius_applies=&#8220;bg&#8220; overlay_strength=&#8220;0.3&#8243; gradient_direction=&#8220;left_to_right&#8220; shape_divider_position=&#8220;bottom&#8220; bg_image_animation=&#8220;none&#8220; shape_type=&#8220;&#8220;][vc_column column_padding=&#8220;no-extra-padding&#8220; column_padding_tablet=&#8220;inherit&#8220; column_padding_phone=&#8220;inherit&#8220; column_padding_position=&#8220;all&#8220; column_element_spacing=&#8220;default&#8220; background_color_opacity=&#8220;1&#8243;...\" \/>\n<meta property=\"og:url\" content=\"https:\/\/hsv.nl\/de\/kontakt\/herzlichen-dank-fuer-ihre-anfrage\/\" \/>\n<meta property=\"og:site_name\" content=\"HSV\" \/>\n<meta property=\"article:modified_time\" content=\"2021-09-21T13:10:03+00:00\" \/>\n<meta name=\"twitter:card\" content=\"summary_large_image\" \/>\n<meta name=\"twitter:label1\" content=\"Gesch\u00e4tzte Lesezeit\" \/>\n\t<meta name=\"twitter:data1\" content=\"1\u00a0Minute\" \/>\n<script type=\"application\/ld+json\" class=\"yoast-schema-graph\">{\"@context\":\"https:\/\/schema.org\",\"@graph\":[{\"@type\":\"WebPage\",\"@id\":\"https:\/\/hsv.nl\/de\/kontakt\/herzlichen-dank-fuer-ihre-anfrage\/\",\"url\":\"https:\/\/hsv.nl\/de\/kontakt\/herzlichen-dank-fuer-ihre-anfrage\/\",\"name\":\"Herzlichen Dank f\u00fcr Ihre Anfrage - HSV\",\"isPartOf\":{\"@id\":\"https:\/\/hsv.nl\/de\/#website\"},\"datePublished\":\"2021-06-02T10:51:48+00:00\",\"dateModified\":\"2021-09-21T13:10:03+00:00\",\"breadcrumb\":{\"@id\":\"https:\/\/hsv.nl\/de\/kontakt\/herzlichen-dank-fuer-ihre-anfrage\/#breadcrumb\"},\"inLanguage\":\"de\",\"potentialAction\":[{\"@type\":\"ReadAction\",\"target\":[\"https:\/\/hsv.nl\/de\/kontakt\/herzlichen-dank-fuer-ihre-anfrage\/\"]}]},{\"@type\":\"BreadcrumbList\",\"@id\":\"https:\/\/hsv.nl\/de\/kontakt\/herzlichen-dank-fuer-ihre-anfrage\/#breadcrumb\",\"itemListElement\":[{\"@type\":\"ListItem\",\"position\":1,\"name\":\"Home\",\"item\":\"https:\/\/hsv.nl\/de\/\"},{\"@type\":\"ListItem\",\"position\":2,\"name\":\"Kontakt\",\"item\":\"https:\/\/hsv.nl\/de\/kontakt\/\"},{\"@type\":\"ListItem\",\"position\":3,\"name\":\"Herzlichen Dank f\u00fcr Ihre Anfrage\"}]},{\"@type\":\"WebSite\",\"@id\":\"https:\/\/hsv.nl\/de\/#website\",\"url\":\"https:\/\/hsv.nl\/de\/\",\"name\":\"HSV\",\"description\":\"\",\"potentialAction\":[{\"@type\":\"SearchAction\",\"target\":{\"@type\":\"EntryPoint\",\"urlTemplate\":\"https:\/\/hsv.nl\/de\/?s={search_term_string}\"},\"query-input\":{\"@type\":\"PropertyValueSpecification\",\"valueRequired\":true,\"valueName\":\"search_term_string\"}}],\"inLanguage\":\"de\"}]}<\/script>\n<!-- \/ Yoast SEO plugin. -->","yoast_head_json":{"title":"Herzlichen Dank f\u00fcr Ihre Anfrage - HSV","robots":{"index":"index","follow":"follow","max-snippet":"max-snippet:-1","max-image-preview":"max-image-preview:large","max-video-preview":"max-video-preview:-1"},"canonical":"https:\/\/hsv.nl\/de\/kontakt\/herzlichen-dank-fuer-ihre-anfrage\/","og_locale":"de_DE","og_type":"article","og_title":"Herzlichen Dank f\u00fcr Ihre Anfrage - HSV","og_description":"[vc_row type=&#8220;in_container&#8220; full_screen_row_position=&#8220;middle&#8220; column_margin=&#8220;default&#8220; column_direction=&#8220;default&#8220; column_direction_tablet=&#8220;default&#8220; column_direction_phone=&#8220;default&#8220; scene_position=&#8220;center&#8220; top_padding=&#8220;5%&#8220; bottom_padding=&#8220;5%&#8220; text_color=&#8220;dark&#8220; text_align=&#8220;center&#8220; row_border_radius=&#8220;none&#8220; row_border_radius_applies=&#8220;bg&#8220; overlay_strength=&#8220;0.3&#8243; gradient_direction=&#8220;left_to_right&#8220; shape_divider_position=&#8220;bottom&#8220; bg_image_animation=&#8220;none&#8220; shape_type=&#8220;&#8220;][vc_column column_padding=&#8220;no-extra-padding&#8220; column_padding_tablet=&#8220;inherit&#8220; column_padding_phone=&#8220;inherit&#8220; column_padding_position=&#8220;all&#8220; column_element_spacing=&#8220;default&#8220; background_color_opacity=&#8220;1&#8243;...","og_url":"https:\/\/hsv.nl\/de\/kontakt\/herzlichen-dank-fuer-ihre-anfrage\/","og_site_name":"HSV","article_modified_time":"2021-09-21T13:10:03+00:00","twitter_card":"summary_large_image","twitter_misc":{"Gesch\u00e4tzte Lesezeit":"1\u00a0Minute"},"schema":{"@context":"https:\/\/schema.org","@graph":[{"@type":"WebPage","@id":"https:\/\/hsv.nl\/de\/kontakt\/herzlichen-dank-fuer-ihre-anfrage\/","url":"https:\/\/hsv.nl\/de\/kontakt\/herzlichen-dank-fuer-ihre-anfrage\/","name":"Herzlichen Dank f\u00fcr Ihre Anfrage - HSV","isPartOf":{"@id":"https:\/\/hsv.nl\/de\/#website"},"datePublished":"2021-06-02T10:51:48+00:00","dateModified":"2021-09-21T13:10:03+00:00","breadcrumb":{"@id":"https:\/\/hsv.nl\/de\/kontakt\/herzlichen-dank-fuer-ihre-anfrage\/#breadcrumb"},"inLanguage":"de","potentialAction":[{"@type":"ReadAction","target":["https:\/\/hsv.nl\/de\/kontakt\/herzlichen-dank-fuer-ihre-anfrage\/"]}]},{"@type":"BreadcrumbList","@id":"https:\/\/hsv.nl\/de\/kontakt\/herzlichen-dank-fuer-ihre-anfrage\/#breadcrumb","itemListElement":[{"@type":"ListItem","position":1,"name":"Home","item":"https:\/\/hsv.nl\/de\/"},{"@type":"ListItem","position":2,"name":"Kontakt","item":"https:\/\/hsv.nl\/de\/kontakt\/"},{"@type":"ListItem","position":3,"name":"Herzlichen Dank f\u00fcr Ihre Anfrage"}]},{"@type":"WebSite","@id":"https:\/\/hsv.nl\/de\/#website","url":"https:\/\/hsv.nl\/de\/","name":"HSV","description":"","potentialAction":[{"@type":"SearchAction","target":{"@type":"EntryPoint","urlTemplate":"https:\/\/hsv.nl\/de\/?s={search_term_string}"},"query-input":{"@type":"PropertyValueSpecification","valueRequired":true,"valueName":"search_term_string"}}],"inLanguage":"de"}]}},"_links":{"self":[{"href":"https:\/\/hsv.nl\/de\/wp-json\/wp\/v2\/pages\/6963","targetHints":{"allow":["GET"]}}],"collection":[{"href":"https:\/\/hsv.nl\/de\/wp-json\/wp\/v2\/pages"}],"about":[{"href":"https:\/\/hsv.nl\/de\/wp-json\/wp\/v2\/types\/page"}],"author":[{"embeddable":true,"href":"https:\/\/hsv.nl\/de\/wp-json\/wp\/v2\/users\/3"}],"replies":[{"embeddable":true,"href":"https:\/\/hsv.nl\/de\/wp-json\/wp\/v2\/comments?post=6963"}],"version-history":[{"count":0,"href":"https:\/\/hsv.nl\/de\/wp-json\/wp\/v2\/pages\/6963\/revisions"}],"up":[{"embeddable":true,"href":"https:\/\/hsv.nl\/de\/wp-json\/wp\/v2\/pages\/6897"}],"wp:attachment":[{"href":"https:\/\/hsv.nl\/de\/wp-json\/wp\/v2\/media?parent=6963"}],"curies":[{"name":"wp","href":"https:\/\/api.w.org\/{rel}","templated":true}]}}